{"id":6,"date":"2025-10-15T19:16:12","date_gmt":"2025-10-15T19:16:12","guid":{"rendered":"https:\/\/imgia.formatia.fr\/?page_id=6"},"modified":"2025-10-15T19:41:26","modified_gmt":"2025-10-15T19:41:26","slug":"home","status":"publish","type":"page","link":"https:\/\/imgia.formatia.fr\/","title":{"rendered":"Home"},"content":{"rendered":"\t\t<div data-elementor-type=\"wp-page\" data-elementor-id=\"6\" class=\"elementor elementor-6\" data-elementor-post-type=\"page\">\n\t\t\t\t\t\t<section class=\"elementor-section elementor-top-section elementor-element elementor-element-1f23919 elementor-section-boxed elementor-section-height-default elementor-section-height-default\" data-id=\"1f23919\" data-element_type=\"section\">\n\t\t\t\t\t\t<div class=\"elementor-container elementor-column-gap-default\">\n\t\t\t\t\t<div class=\"elementor-column elementor-col-100 elementor-top-column elementor-element elementor-element-cbb1a92\" data-id=\"cbb1a92\" data-element_type=\"column\">\n\t\t\t<div class=\"elementor-widget-wrap elementor-element-populated\">\n\t\t\t\t\t\t<div class=\"elementor-element elementor-element-4e7a6b9 elementor-widget elementor-widget-heading\" data-id=\"4e7a6b9\" data-element_type=\"widget\" data-widget_type=\"heading.default\">\n\t\t\t\t\t<h2 class=\"elementor-heading-title elementor-size-default\">Agent IA pour la description d'image<\/h2>\t\t\t\t<\/div>\n\t\t\t\t<section class=\"elementor-section elementor-inner-section elementor-element elementor-element-c7a989b elementor-section-boxed elementor-section-height-default elementor-section-height-default\" data-id=\"c7a989b\" data-element_type=\"section\">\n\t\t\t\t\t\t<div class=\"elementor-container elementor-column-gap-default\">\n\t\t\t\t\t<div class=\"elementor-column elementor-col-100 elementor-inner-column elementor-element elementor-element-390c51c\" data-id=\"390c51c\" data-element_type=\"column\">\n\t\t\t<div class=\"elementor-widget-wrap elementor-element-populated\">\n\t\t\t\t\t\t<div class=\"elementor-element elementor-element-70dac7e elementor-widget elementor-widget-shortcode\" data-id=\"70dac7e\" data-element_type=\"widget\" data-widget_type=\"shortcode.default\">\n\t\t\t\t\t\t\t<div class=\"elementor-shortcode\">        <div class=\"aiia-container\">\n            <div class=\"aiia-upload-section\">\n                <h3>Analyser une image avec l'IA<\/h3>\n                <p class=\"aiia-info\">Taille maximale : 16 MB | Formats accept\u00e9s : JPG, PNG, WEBP, AVIF<\/p>\n                \n                <div class=\"aiia-image-selector\">\n                    <button type=\"button\" class=\"aiia-btn aiia-btn-media-library\" id=\"aiia-select-media\">\n                        \ud83d\udcc1 S\u00e9lectionner depuis la biblioth\u00e8que\n                    <\/button>\n                    \n                    <div class=\"aiia-separator\">OU<\/div>\n                    \n                    <div class=\"aiia-dropzone\" id=\"aiia-dropzone\">\n                        <div class=\"aiia-dropzone-content\">\n                            <span class=\"aiia-upload-icon\">\ud83d\udce4<\/span>\n                            <p>Glissez-d\u00e9posez une image ici<\/p>\n                            <p class=\"aiia-or\">ou<\/p>\n                            <label for=\"aiia-file-input\" class=\"aiia-btn aiia-btn-secondary\">\n                                Parcourir les fichiers\n                            <\/label>\n                            <input type=\"file\" id=\"aiia-file-input\" accept=\".jpg,.jpeg,.png,.webp,.avif\" style=\"display:none;\">\n                        <\/div>\n                    <\/div>\n                <\/div>\n                \n                <div class=\"aiia-preview-section\" id=\"aiia-preview-section\" style=\"display:none;\">\n                    <h4>Image s\u00e9lectionn\u00e9e :<\/h4>\n                    <img decoding=\"async\" id=\"aiia-preview-image\" src=\"\" alt=\"Preview\">\n                    <input type=\"hidden\" id=\"aiia-attachment-id\" value=\"\">\n                    <button type=\"button\" class=\"aiia-btn aiia-btn-remove\" id=\"aiia-remove-image\">Supprimer<\/button>\n                <\/div>\n                \n                <div class=\"aiia-models-section\">\n                    <h4>S\u00e9lectionnez les mod\u00e8les IA \u00e0 utiliser :<\/h4>\n                    <div class=\"aiia-models-checkboxes\">\n                                                    <label class=\"aiia-model-checkbox\">\n                                <input type=\"checkbox\" name=\"aiia_models[]\" value=\"gemini\">\n                                <span>Gemini 2.5 Flash Image (Google)<\/span>\n                            <\/label>\n                                                    <label class=\"aiia-model-checkbox\">\n                                <input type=\"checkbox\" name=\"aiia_models[]\" value=\"gpt4v\">\n                                <span>GPT-4 Vision (OpenAI)<\/span>\n                            <\/label>\n                                                    <label class=\"aiia-model-checkbox\">\n                                <input type=\"checkbox\" name=\"aiia_models[]\" value=\"claude\">\n                                <span>Claude Vision (Anthropic)<\/span>\n                            <\/label>\n                                            <\/div>\n                <\/div>\n                \n                <button type=\"button\" class=\"aiia-btn aiia-btn-primary aiia-btn-analyze\" id=\"aiia-analyze-btn\">\n                    \ud83d\udd0d Analyser l'image\n                <\/button>\n            <\/div>\n            \n            <div class=\"aiia-loader\" id=\"aiia-loader\" style=\"display:none;\">\n                <div class=\"aiia-spinner\"><\/div>\n                <p>Analyse en cours... Veuillez patienter.<\/p>\n            <\/div>\n            \n            <div class=\"aiia-results-section\" id=\"aiia-results-section\" style=\"display:none;\">\n                <h3>R\u00e9sultats de l'analyse<\/h3>\n                <div id=\"aiia-results-content\"><\/div>\n            <\/div>\n        <\/div>\n        <\/div>\n\t\t\t\t\t\t<\/div>\n\t\t\t\t\t<\/div>\n\t\t<\/div>\n\t\t\t\t\t<\/div>\n\t\t<\/section>\n\t\t\t\t<section class=\"elementor-section elementor-inner-section elementor-element elementor-element-8d2ae9f elementor-section-boxed elementor-section-height-default elementor-section-height-default\" data-id=\"8d2ae9f\" data-element_type=\"section\">\n\t\t\t\t\t\t<div class=\"elementor-container elementor-column-gap-default\">\n\t\t\t\t\t<div class=\"elementor-column elementor-col-50 elementor-inner-column elementor-element elementor-element-ba99e95\" data-id=\"ba99e95\" data-element_type=\"column\">\n\t\t\t<div class=\"elementor-widget-wrap\">\n\t\t\t\t\t\t\t<\/div>\n\t\t<\/div>\n\t\t\t\t<div class=\"elementor-column elementor-col-50 elementor-inner-column elementor-element elementor-element-6962e0b\" data-id=\"6962e0b\" data-element_type=\"column\">\n\t\t\t<div class=\"elementor-widget-wrap\">\n\t\t\t\t\t\t\t<\/div>\n\t\t<\/div>\n\t\t\t\t\t<\/div>\n\t\t<\/section>\n\t\t\t\t\t<\/div>\n\t\t<\/div>\n\t\t\t\t\t<\/div>\n\t\t<\/section>\n\t\t\t\t<\/div>\n\t\t","protected":false},"excerpt":{"rendered":"<p>Agent IA pour la description d&#8217;image<\/p>\n","protected":false},"author":1,"featured_media":0,"parent":0,"menu_order":0,"comment_status":"closed","ping_status":"closed","template":"","meta":{"footnotes":""},"class_list":["post-6","page","type-page","status-publish","hentry"],"_links":{"self":[{"href":"https:\/\/imgia.formatia.fr\/index.php?rest_route=\/wp\/v2\/pages\/6","targetHints":{"allow":["GET"]}}],"collection":[{"href":"https:\/\/imgia.formatia.fr\/index.php?rest_route=\/wp\/v2\/pages"}],"about":[{"href":"https:\/\/imgia.formatia.fr\/index.php?rest_route=\/wp\/v2\/types\/page"}],"author":[{"embeddable":true,"href":"https:\/\/imgia.formatia.fr\/index.php?rest_route=\/wp\/v2\/users\/1"}],"replies":[{"embeddable":true,"href":"https:\/\/imgia.formatia.fr\/index.php?rest_route=%2Fwp%2Fv2%2Fcomments&post=6"}],"version-history":[{"count":18,"href":"https:\/\/imgia.formatia.fr\/index.php?rest_route=\/wp\/v2\/pages\/6\/revisions"}],"predecessor-version":[{"id":54,"href":"https:\/\/imgia.formatia.fr\/index.php?rest_route=\/wp\/v2\/pages\/6\/revisions\/54"}],"wp:attachment":[{"href":"https:\/\/imgia.formatia.fr\/index.php?rest_route=%2Fwp%2Fv2%2Fmedia&parent=6"}],"curies":[{"name":"wp","href":"https:\/\/api.w.org\/{rel}","templated":true}]}}